{"id":2,"date":"2022-01-25T16:02:52","date_gmt":"2022-01-25T07:02:52","guid":{"rendered":"https:\/\/plusage.jp\/fr\/?page_id=2"},"modified":"2022-03-12T12:54:06","modified_gmt":"2022-03-12T03:54:06","slug":"top","status":"publish","type":"page","link":"https:\/\/plusage.jp\/fr\/","title":{"rendered":"TOP"},"content":{"rendered":"","protected":false},"excerpt":{"rendered":"","protected":false},"author":1,"featured_media":0,"parent":0,"menu_order":1,"comment_status":"closed","ping_status":"closed","template":"top.php","meta":{"footnotes":""},"class_list":["post-2","page","type-page","status-publish","hentry"],"acf":[],"yoast_head":"<!-- This site is optimized with the Yoast SEO plugin v18.1 - https:\/\/yoast.com\/wordpress\/plugins\/seo\/ -->\n<title>Plus Age - \u60a0\u4e45\u306e\u81ea\u7136\u3067\u80b2\u307e\u308c\u305f\u6a3d\u3067\u91b8\u3059\u65e5\u672c\u9152<\/title>\n<meta name=\"description\" content=\"Plus Age\u306f\u305d\u306e\u571f\u5730\u306e\u6c34\u3068\u9152\u7c73\u3092\u4f7f\u3044\u3001\u8d05\u6ca2\u306a\u9020\u308a\u3067\u4ed5\u4e0a\u3052\u305f\u65e5\u672c\u9152\u3092\u30b8\u30e3\u30d1\u30cb\u30fc\u30ba\u30aa\u30fc\u30af\u6a3d\u3067\u719f\u6210\u3055\u305b\u305f\u9769\u65b0\u7684\u306a\u65e5\u672c\u9152\u3067\u3059\u3002\u719f\u6210\u306b\u3088\u308b\u3057\u3063\u304b\u308a\u3068\u3057\u305f\u9178\u5473\u3068\u5186\u5473\u3001\u305d\u3057\u3066\u6a3d\u72ec\u7279\u306e\u8907\u96d1\u306a\u9999\u308a\u3092\u307e\u3068\u308f\u305b\u305f\u65e5\u672c\u9152\u306f\u3001\u7e4a\u7d30\u306a\u5473\u308f\u3044\u3092\u5f15\u304d\u51fa\u3057\u3001\u3053\u308c\u307e\u3067\u306b\u306a\u3044\u8c4a\u304b\u306a\u98df\u3068\u9152\u306e\u4e16\u754c\u3092\u5e83\u3052\u3066\u3044\u304d\u307e\u3059\u3002\" \/>\n<meta name=\"robots\" content=\"index, follow, max-snippet:-1, max-image-preview:large, max-video-preview:-1\" \/>\n<link rel=\"canonical\" href=\"https:\/\/plusage.jp\/fr\/\" \/>\n<meta property=\"og:locale\" content=\"ja_JP\" \/>\n<meta property=\"og:type\" content=\"article\" \/>\n<meta property=\"og:title\" content=\"Plus Age - \u60a0\u4e45\u306e\u81ea\u7136\u3067\u80b2\u307e\u308c\u305f\u6a3d\u3067\u91b8\u3059\u65e5\u672c\u9152\" \/>\n<meta property=\"og:description\" content=\"Plus Age\u306f\u305d\u306e\u571f\u5730\u306e\u6c34\u3068\u9152\u7c73\u3092\u4f7f\u3044\u3001\u8d05\u6ca2\u306a\u9020\u308a\u3067\u4ed5\u4e0a\u3052\u305f\u65e5\u672c\u9152\u3092\u30b8\u30e3\u30d1\u30cb\u30fc\u30ba\u30aa\u30fc\u30af\u6a3d\u3067\u719f\u6210\u3055\u305b\u305f\u9769\u65b0\u7684\u306a\u65e5\u672c\u9152\u3067\u3059\u3002\u719f\u6210\u306b\u3088\u308b\u3057\u3063\u304b\u308a\u3068\u3057\u305f\u9178\u5473\u3068\u5186\u5473\u3001\u305d\u3057\u3066\u6a3d\u72ec\u7279\u306e\u8907\u96d1\u306a\u9999\u308a\u3092\u307e\u3068\u308f\u305b\u305f\u65e5\u672c\u9152\u306f\u3001\u7e4a\u7d30\u306a\u5473\u308f\u3044\u3092\u5f15\u304d\u51fa\u3057\u3001\u3053\u308c\u307e\u3067\u306b\u306a\u3044\u8c4a\u304b\u306a\u98df\u3068\u9152\u306e\u4e16\u754c\u3092\u5e83\u3052\u3066\u3044\u304d\u307e\u3059\u3002\" \/>\n<meta property=\"og:url\" content=\"https:\/\/plusage.jp\/fr\/\" \/>\n<meta property=\"og:site_name\" content=\"Plus Age\" \/>\n<meta property=\"article:modified_time\" content=\"2022-03-12T03:54:06+00:00\" \/>\n<meta property=\"og:image\" content=\"https:\/\/plusage.jp\/fr\/wp-content\/uploads\/2022\/01\/ogp.jpg\" \/>\n\t<meta property=\"og:image:width\" content=\"1200\" \/>\n\t<meta property=\"og:image:height\" content=\"630\" \/>\n\t<meta property=\"og:image:type\" content=\"image\/jpeg\" \/>\n<meta name=\"twitter:card\" content=\"summary_large_image\" \/>\n<script type=\"application\/ld+json\" class=\"yoast-schema-graph\">{\"@context\":\"https:\/\/schema.org\",\"@graph\":[{\"@type\":\"WebSite\",\"@id\":\"https:\/\/plusage.jp\/fr\/#website\",\"url\":\"https:\/\/plusage.jp\/fr\/\",\"name\":\"Plus Age\",\"description\":\"Plus \u00c2ge utilise de l\u2019eau et du riz local pour cr\u00e9er un sak\u00e9 innovant, luxueusement \u00e9labor\u00e9 et vieilli en f\u00fbts de ch\u00eane japonais.\",\"potentialAction\":[{\"@type\":\"SearchAction\",\"target\":{\"@type\":\"EntryPoint\",\"urlTemplate\":\"https:\/\/plusage.jp\/fr\/?s={search_term_string}\"},\"query-input\":\"required name=search_term_string\"}],\"inLanguage\":\"ja\"},{\"@type\":\"WebPage\",\"@id\":\"https:\/\/plusage.jp\/fr\/#webpage\",\"url\":\"https:\/\/plusage.jp\/fr\/\",\"name\":\"Plus Age - \u60a0\u4e45\u306e\u81ea\u7136\u3067\u80b2\u307e\u308c\u305f\u6a3d\u3067\u91b8\u3059\u65e5\u672c\u9152\",\"isPartOf\":{\"@id\":\"https:\/\/plusage.jp\/fr\/#website\"},\"datePublished\":\"2022-01-25T07:02:52+00:00\",\"dateModified\":\"2022-03-12T03:54:06+00:00\",\"description\":\"Plus Age\u306f\u305d\u306e\u571f\u5730\u306e\u6c34\u3068\u9152\u7c73\u3092\u4f7f\u3044\u3001\u8d05\u6ca2\u306a\u9020\u308a\u3067\u4ed5\u4e0a\u3052\u305f\u65e5\u672c\u9152\u3092\u30b8\u30e3\u30d1\u30cb\u30fc\u30ba\u30aa\u30fc\u30af\u6a3d\u3067\u719f\u6210\u3055\u305b\u305f\u9769\u65b0\u7684\u306a\u65e5\u672c\u9152\u3067\u3059\u3002\u719f\u6210\u306b\u3088\u308b\u3057\u3063\u304b\u308a\u3068\u3057\u305f\u9178\u5473\u3068\u5186\u5473\u3001\u305d\u3057\u3066\u6a3d\u72ec\u7279\u306e\u8907\u96d1\u306a\u9999\u308a\u3092\u307e\u3068\u308f\u305b\u305f\u65e5\u672c\u9152\u306f\u3001\u7e4a\u7d30\u306a\u5473\u308f\u3044\u3092\u5f15\u304d\u51fa\u3057\u3001\u3053\u308c\u307e\u3067\u306b\u306a\u3044\u8c4a\u304b\u306a\u98df\u3068\u9152\u306e\u4e16\u754c\u3092\u5e83\u3052\u3066\u3044\u304d\u307e\u3059\u3002\",\"breadcrumb\":{\"@id\":\"https:\/\/plusage.jp\/fr\/#breadcrumb\"},\"inLanguage\":\"ja\",\"potentialAction\":[{\"@type\":\"ReadAction\",\"target\":[\"https:\/\/plusage.jp\/fr\/\"]}]},{\"@type\":\"BreadcrumbList\",\"@id\":\"https:\/\/plusage.jp\/fr\/#breadcrumb\",\"itemListElement\":[{\"@type\":\"ListItem\",\"position\":1,\"name\":\"\u30db\u30fc\u30e0\",\"item\":\"https:\/\/plusage.jp\/fr\/\"},{\"@type\":\"ListItem\",\"position\":2,\"name\":\"TOP\"}]}]}<\/script>\n<!-- \/ Yoast SEO plugin. -->","yoast_head_json":{"title":"Plus Age - \u60a0\u4e45\u306e\u81ea\u7136\u3067\u80b2\u307e\u308c\u305f\u6a3d\u3067\u91b8\u3059\u65e5\u672c\u9152","description":"Plus Age\u306f\u305d\u306e\u571f\u5730\u306e\u6c34\u3068\u9152\u7c73\u3092\u4f7f\u3044\u3001\u8d05\u6ca2\u306a\u9020\u308a\u3067\u4ed5\u4e0a\u3052\u305f\u65e5\u672c\u9152\u3092\u30b8\u30e3\u30d1\u30cb\u30fc\u30ba\u30aa\u30fc\u30af\u6a3d\u3067\u719f\u6210\u3055\u305b\u305f\u9769\u65b0\u7684\u306a\u65e5\u672c\u9152\u3067\u3059\u3002\u719f\u6210\u306b\u3088\u308b\u3057\u3063\u304b\u308a\u3068\u3057\u305f\u9178\u5473\u3068\u5186\u5473\u3001\u305d\u3057\u3066\u6a3d\u72ec\u7279\u306e\u8907\u96d1\u306a\u9999\u308a\u3092\u307e\u3068\u308f\u305b\u305f\u65e5\u672c\u9152\u306f\u3001\u7e4a\u7d30\u306a\u5473\u308f\u3044\u3092\u5f15\u304d\u51fa\u3057\u3001\u3053\u308c\u307e\u3067\u306b\u306a\u3044\u8c4a\u304b\u306a\u98df\u3068\u9152\u306e\u4e16\u754c\u3092\u5e83\u3052\u3066\u3044\u304d\u307e\u3059\u3002","robots":{"index":"index","follow":"follow","max-snippet":"max-snippet:-1","max-image-preview":"max-image-preview:large","max-video-preview":"max-video-preview:-1"},"canonical":"https:\/\/plusage.jp\/fr\/","og_locale":"ja_JP","og_type":"article","og_title":"Plus Age - \u60a0\u4e45\u306e\u81ea\u7136\u3067\u80b2\u307e\u308c\u305f\u6a3d\u3067\u91b8\u3059\u65e5\u672c\u9152","og_description":"Plus Age\u306f\u305d\u306e\u571f\u5730\u306e\u6c34\u3068\u9152\u7c73\u3092\u4f7f\u3044\u3001\u8d05\u6ca2\u306a\u9020\u308a\u3067\u4ed5\u4e0a\u3052\u305f\u65e5\u672c\u9152\u3092\u30b8\u30e3\u30d1\u30cb\u30fc\u30ba\u30aa\u30fc\u30af\u6a3d\u3067\u719f\u6210\u3055\u305b\u305f\u9769\u65b0\u7684\u306a\u65e5\u672c\u9152\u3067\u3059\u3002\u719f\u6210\u306b\u3088\u308b\u3057\u3063\u304b\u308a\u3068\u3057\u305f\u9178\u5473\u3068\u5186\u5473\u3001\u305d\u3057\u3066\u6a3d\u72ec\u7279\u306e\u8907\u96d1\u306a\u9999\u308a\u3092\u307e\u3068\u308f\u305b\u305f\u65e5\u672c\u9152\u306f\u3001\u7e4a\u7d30\u306a\u5473\u308f\u3044\u3092\u5f15\u304d\u51fa\u3057\u3001\u3053\u308c\u307e\u3067\u306b\u306a\u3044\u8c4a\u304b\u306a\u98df\u3068\u9152\u306e\u4e16\u754c\u3092\u5e83\u3052\u3066\u3044\u304d\u307e\u3059\u3002","og_url":"https:\/\/plusage.jp\/fr\/","og_site_name":"Plus Age","article_modified_time":"2022-03-12T03:54:06+00:00","og_image":[{"width":1200,"height":630,"url":"https:\/\/plusage.jp\/fr\/wp-content\/uploads\/2022\/01\/ogp.jpg","type":"image\/jpeg"}],"twitter_card":"summary_large_image","schema":{"@context":"https:\/\/schema.org","@graph":[{"@type":"WebSite","@id":"https:\/\/plusage.jp\/fr\/#website","url":"https:\/\/plusage.jp\/fr\/","name":"Plus Age","description":"Plus \u00c2ge utilise de l\u2019eau et du riz local pour cr\u00e9er un sak\u00e9 innovant, luxueusement \u00e9labor\u00e9 et vieilli en f\u00fbts de ch\u00eane japonais.","potentialAction":[{"@type":"SearchAction","target":{"@type":"EntryPoint","urlTemplate":"https:\/\/plusage.jp\/fr\/?s={search_term_string}"},"query-input":"required name=search_term_string"}],"inLanguage":"ja"},{"@type":"WebPage","@id":"https:\/\/plusage.jp\/fr\/#webpage","url":"https:\/\/plusage.jp\/fr\/","name":"Plus Age - \u60a0\u4e45\u306e\u81ea\u7136\u3067\u80b2\u307e\u308c\u305f\u6a3d\u3067\u91b8\u3059\u65e5\u672c\u9152","isPartOf":{"@id":"https:\/\/plusage.jp\/fr\/#website"},"datePublished":"2022-01-25T07:02:52+00:00","dateModified":"2022-03-12T03:54:06+00:00","description":"Plus Age\u306f\u305d\u306e\u571f\u5730\u306e\u6c34\u3068\u9152\u7c73\u3092\u4f7f\u3044\u3001\u8d05\u6ca2\u306a\u9020\u308a\u3067\u4ed5\u4e0a\u3052\u305f\u65e5\u672c\u9152\u3092\u30b8\u30e3\u30d1\u30cb\u30fc\u30ba\u30aa\u30fc\u30af\u6a3d\u3067\u719f\u6210\u3055\u305b\u305f\u9769\u65b0\u7684\u306a\u65e5\u672c\u9152\u3067\u3059\u3002\u719f\u6210\u306b\u3088\u308b\u3057\u3063\u304b\u308a\u3068\u3057\u305f\u9178\u5473\u3068\u5186\u5473\u3001\u305d\u3057\u3066\u6a3d\u72ec\u7279\u306e\u8907\u96d1\u306a\u9999\u308a\u3092\u307e\u3068\u308f\u305b\u305f\u65e5\u672c\u9152\u306f\u3001\u7e4a\u7d30\u306a\u5473\u308f\u3044\u3092\u5f15\u304d\u51fa\u3057\u3001\u3053\u308c\u307e\u3067\u306b\u306a\u3044\u8c4a\u304b\u306a\u98df\u3068\u9152\u306e\u4e16\u754c\u3092\u5e83\u3052\u3066\u3044\u304d\u307e\u3059\u3002","breadcrumb":{"@id":"https:\/\/plusage.jp\/fr\/#breadcrumb"},"inLanguage":"ja","potentialAction":[{"@type":"ReadAction","target":["https:\/\/plusage.jp\/fr\/"]}]},{"@type":"BreadcrumbList","@id":"https:\/\/plusage.jp\/fr\/#breadcrumb","itemListElement":[{"@type":"ListItem","position":1,"name":"\u30db\u30fc\u30e0","item":"https:\/\/plusage.jp\/fr\/"},{"@type":"ListItem","position":2,"name":"TOP"}]}]}},"_links":{"self":[{"href":"https:\/\/plusage.jp\/fr\/wp-json\/wp\/v2\/pages\/2","targetHints":{"allow":["GET"]}}],"collection":[{"href":"https:\/\/plusage.jp\/fr\/wp-json\/wp\/v2\/pages"}],"about":[{"href":"https:\/\/plusage.jp\/fr\/wp-json\/wp\/v2\/types\/page"}],"author":[{"embeddable":true,"href":"https:\/\/plusage.jp\/fr\/wp-json\/wp\/v2\/users\/1"}],"replies":[{"embeddable":true,"href":"https:\/\/plusage.jp\/fr\/wp-json\/wp\/v2\/comments?post=2"}],"version-history":[{"count":14,"href":"https:\/\/plusage.jp\/fr\/wp-json\/wp\/v2\/pages\/2\/revisions"}],"predecessor-version":[{"id":173,"href":"https:\/\/plusage.jp\/fr\/wp-json\/wp\/v2\/pages\/2\/revisions\/173"}],"wp:attachment":[{"href":"https:\/\/plusage.jp\/fr\/wp-json\/wp\/v2\/media?parent=2"}],"curies":[{"name":"wp","href":"https:\/\/api.w.org\/{rel}","templated":true}]}}