{"id":6,"date":"2022-01-25T16:25:20","date_gmt":"2022-01-25T07:25:20","guid":{"rendered":"https:\/\/plusage.jp\/fr\/?page_id=6"},"modified":"2022-03-12T12:58:02","modified_gmt":"2022-03-12T03:58:02","slug":"about","status":"publish","type":"page","link":"https:\/\/plusage.jp\/fr\/about\/","title":{"rendered":"ABOUT"},"content":{"rendered":"","protected":false},"excerpt":{"rendered":"","protected":false},"author":1,"featured_media":0,"parent":0,"menu_order":2,"comment_status":"closed","ping_status":"closed","template":"about.php","meta":{"footnotes":""},"class_list":["post-6","page","type-page","status-publish","hentry"],"acf":[],"yoast_head":"<!-- This site is optimized with the Yoast SEO plugin v18.1 - https:\/\/yoast.com\/wordpress\/plugins\/seo\/ -->\n<title>Plus Age\u306b\u3064\u3044\u3066 - Plus Age<\/title>\n<meta name=\"description\" content=\"\u571f\u58cc\u3084\u5927\u6c17\u3001\u6c34\u3084\u7c73\u3001\u5fae\u751f\u7269\u306e\u50cd\u304d\u306b\u3088\u308a\u3001\u305d\u306e\u571f\u5730\u56fa\u6709\u306e\u5473\u304c\u751f\u307e\u308c\u308b\u65e5\u672c\u9152\u3002Plus Age\u3067\u306f\u3001\u5317\u9678\u5730\u65b9\u3092\u4e2d\u5fc3\u3068\u3057\u305f6\u3064\u306e\u9152\u8535\u306e\u65e5\u672c\u9152\u3092\u719f\u6210\u3057\u3066\u3044\u307e\u3059\u3002\" \/>\n<meta name=\"robots\" content=\"index, follow, max-snippet:-1, max-image-preview:large, max-video-preview:-1\" \/>\n<link rel=\"canonical\" href=\"https:\/\/plusage.jp\/fr\/about\/\" \/>\n<meta property=\"og:locale\" content=\"ja_JP\" \/>\n<meta property=\"og:type\" content=\"article\" \/>\n<meta property=\"og:title\" content=\"Plus Age\u306b\u3064\u3044\u3066 - Plus Age\" \/>\n<meta property=\"og:description\" content=\"\u571f\u58cc\u3084\u5927\u6c17\u3001\u6c34\u3084\u7c73\u3001\u5fae\u751f\u7269\u306e\u50cd\u304d\u306b\u3088\u308a\u3001\u305d\u306e\u571f\u5730\u56fa\u6709\u306e\u5473\u304c\u751f\u307e\u308c\u308b\u65e5\u672c\u9152\u3002Plus Age\u3067\u306f\u3001\u5317\u9678\u5730\u65b9\u3092\u4e2d\u5fc3\u3068\u3057\u305f6\u3064\u306e\u9152\u8535\u306e\u65e5\u672c\u9152\u3092\u719f\u6210\u3057\u3066\u3044\u307e\u3059\u3002\" \/>\n<meta property=\"og:url\" content=\"https:\/\/plusage.jp\/fr\/about\/\" \/>\n<meta property=\"og:site_name\" content=\"Plus Age\" \/>\n<meta property=\"article:modified_time\" content=\"2022-03-12T03:58:02+00:00\" \/>\n<meta property=\"og:image\" content=\"https:\/\/plusage.jp\/fr\/wp-content\/uploads\/2022\/01\/ogp.jpg\" \/>\n\t<meta property=\"og:image:width\" content=\"1200\" \/>\n\t<meta property=\"og:image:height\" content=\"630\" \/>\n\t<meta property=\"og:image:type\" content=\"image\/jpeg\" \/>\n<meta name=\"twitter:card\" content=\"summary_large_image\" \/>\n<script type=\"application\/ld+json\" class=\"yoast-schema-graph\">{\"@context\":\"https:\/\/schema.org\",\"@graph\":[{\"@type\":\"WebSite\",\"@id\":\"https:\/\/plusage.jp\/fr\/#website\",\"url\":\"https:\/\/plusage.jp\/fr\/\",\"name\":\"Plus Age\",\"description\":\"Plus \u00c2ge utilise de l\u2019eau et du riz local pour cr\u00e9er un sak\u00e9 innovant, luxueusement \u00e9labor\u00e9 et vieilli en f\u00fbts de ch\u00eane japonais.\",\"potentialAction\":[{\"@type\":\"SearchAction\",\"target\":{\"@type\":\"EntryPoint\",\"urlTemplate\":\"https:\/\/plusage.jp\/fr\/?s={search_term_string}\"},\"query-input\":\"required name=search_term_string\"}],\"inLanguage\":\"ja\"},{\"@type\":\"WebPage\",\"@id\":\"https:\/\/plusage.jp\/fr\/about\/#webpage\",\"url\":\"https:\/\/plusage.jp\/fr\/about\/\",\"name\":\"Plus Age\u306b\u3064\u3044\u3066 - Plus Age\",\"isPartOf\":{\"@id\":\"https:\/\/plusage.jp\/fr\/#website\"},\"datePublished\":\"2022-01-25T07:25:20+00:00\",\"dateModified\":\"2022-03-12T03:58:02+00:00\",\"description\":\"\u571f\u58cc\u3084\u5927\u6c17\u3001\u6c34\u3084\u7c73\u3001\u5fae\u751f\u7269\u306e\u50cd\u304d\u306b\u3088\u308a\u3001\u305d\u306e\u571f\u5730\u56fa\u6709\u306e\u5473\u304c\u751f\u307e\u308c\u308b\u65e5\u672c\u9152\u3002Plus Age\u3067\u306f\u3001\u5317\u9678\u5730\u65b9\u3092\u4e2d\u5fc3\u3068\u3057\u305f6\u3064\u306e\u9152\u8535\u306e\u65e5\u672c\u9152\u3092\u719f\u6210\u3057\u3066\u3044\u307e\u3059\u3002\",\"breadcrumb\":{\"@id\":\"https:\/\/plusage.jp\/fr\/about\/#breadcrumb\"},\"inLanguage\":\"ja\",\"potentialAction\":[{\"@type\":\"ReadAction\",\"target\":[\"https:\/\/plusage.jp\/fr\/about\/\"]}]},{\"@type\":\"BreadcrumbList\",\"@id\":\"https:\/\/plusage.jp\/fr\/about\/#breadcrumb\",\"itemListElement\":[{\"@type\":\"ListItem\",\"position\":1,\"name\":\"\u30db\u30fc\u30e0\",\"item\":\"https:\/\/plusage.jp\/fr\/\"},{\"@type\":\"ListItem\",\"position\":2,\"name\":\"ABOUT\"}]}]}<\/script>\n<!-- \/ Yoast SEO plugin. -->","yoast_head_json":{"title":"Plus Age\u306b\u3064\u3044\u3066 - Plus Age","description":"\u571f\u58cc\u3084\u5927\u6c17\u3001\u6c34\u3084\u7c73\u3001\u5fae\u751f\u7269\u306e\u50cd\u304d\u306b\u3088\u308a\u3001\u305d\u306e\u571f\u5730\u56fa\u6709\u306e\u5473\u304c\u751f\u307e\u308c\u308b\u65e5\u672c\u9152\u3002Plus Age\u3067\u306f\u3001\u5317\u9678\u5730\u65b9\u3092\u4e2d\u5fc3\u3068\u3057\u305f6\u3064\u306e\u9152\u8535\u306e\u65e5\u672c\u9152\u3092\u719f\u6210\u3057\u3066\u3044\u307e\u3059\u3002","robots":{"index":"index","follow":"follow","max-snippet":"max-snippet:-1","max-image-preview":"max-image-preview:large","max-video-preview":"max-video-preview:-1"},"canonical":"https:\/\/plusage.jp\/fr\/about\/","og_locale":"ja_JP","og_type":"article","og_title":"Plus Age\u306b\u3064\u3044\u3066 - Plus Age","og_description":"\u571f\u58cc\u3084\u5927\u6c17\u3001\u6c34\u3084\u7c73\u3001\u5fae\u751f\u7269\u306e\u50cd\u304d\u306b\u3088\u308a\u3001\u305d\u306e\u571f\u5730\u56fa\u6709\u306e\u5473\u304c\u751f\u307e\u308c\u308b\u65e5\u672c\u9152\u3002Plus Age\u3067\u306f\u3001\u5317\u9678\u5730\u65b9\u3092\u4e2d\u5fc3\u3068\u3057\u305f6\u3064\u306e\u9152\u8535\u306e\u65e5\u672c\u9152\u3092\u719f\u6210\u3057\u3066\u3044\u307e\u3059\u3002","og_url":"https:\/\/plusage.jp\/fr\/about\/","og_site_name":"Plus Age","article_modified_time":"2022-03-12T03:58:02+00:00","og_image":[{"width":1200,"height":630,"url":"https:\/\/plusage.jp\/fr\/wp-content\/uploads\/2022\/01\/ogp.jpg","type":"image\/jpeg"}],"twitter_card":"summary_large_image","schema":{"@context":"https:\/\/schema.org","@graph":[{"@type":"WebSite","@id":"https:\/\/plusage.jp\/fr\/#website","url":"https:\/\/plusage.jp\/fr\/","name":"Plus Age","description":"Plus \u00c2ge utilise de l\u2019eau et du riz local pour cr\u00e9er un sak\u00e9 innovant, luxueusement \u00e9labor\u00e9 et vieilli en f\u00fbts de ch\u00eane japonais.","potentialAction":[{"@type":"SearchAction","target":{"@type":"EntryPoint","urlTemplate":"https:\/\/plusage.jp\/fr\/?s={search_term_string}"},"query-input":"required name=search_term_string"}],"inLanguage":"ja"},{"@type":"WebPage","@id":"https:\/\/plusage.jp\/fr\/about\/#webpage","url":"https:\/\/plusage.jp\/fr\/about\/","name":"Plus Age\u306b\u3064\u3044\u3066 - Plus Age","isPartOf":{"@id":"https:\/\/plusage.jp\/fr\/#website"},"datePublished":"2022-01-25T07:25:20+00:00","dateModified":"2022-03-12T03:58:02+00:00","description":"\u571f\u58cc\u3084\u5927\u6c17\u3001\u6c34\u3084\u7c73\u3001\u5fae\u751f\u7269\u306e\u50cd\u304d\u306b\u3088\u308a\u3001\u305d\u306e\u571f\u5730\u56fa\u6709\u306e\u5473\u304c\u751f\u307e\u308c\u308b\u65e5\u672c\u9152\u3002Plus Age\u3067\u306f\u3001\u5317\u9678\u5730\u65b9\u3092\u4e2d\u5fc3\u3068\u3057\u305f6\u3064\u306e\u9152\u8535\u306e\u65e5\u672c\u9152\u3092\u719f\u6210\u3057\u3066\u3044\u307e\u3059\u3002","breadcrumb":{"@id":"https:\/\/plusage.jp\/fr\/about\/#breadcrumb"},"inLanguage":"ja","potentialAction":[{"@type":"ReadAction","target":["https:\/\/plusage.jp\/fr\/about\/"]}]},{"@type":"BreadcrumbList","@id":"https:\/\/plusage.jp\/fr\/about\/#breadcrumb","itemListElement":[{"@type":"ListItem","position":1,"name":"\u30db\u30fc\u30e0","item":"https:\/\/plusage.jp\/fr\/"},{"@type":"ListItem","position":2,"name":"ABOUT"}]}]}},"_links":{"self":[{"href":"https:\/\/plusage.jp\/fr\/wp-json\/wp\/v2\/pages\/6","targetHints":{"allow":["GET"]}}],"collection":[{"href":"https:\/\/plusage.jp\/fr\/wp-json\/wp\/v2\/pages"}],"about":[{"href":"https:\/\/plusage.jp\/fr\/wp-json\/wp\/v2\/types\/page"}],"author":[{"embeddable":true,"href":"https:\/\/plusage.jp\/fr\/wp-json\/wp\/v2\/users\/1"}],"replies":[{"embeddable":true,"href":"https:\/\/plusage.jp\/fr\/wp-json\/wp\/v2\/comments?post=6"}],"version-history":[{"count":14,"href":"https:\/\/plusage.jp\/fr\/wp-json\/wp\/v2\/pages\/6\/revisions"}],"predecessor-version":[{"id":174,"href":"https:\/\/plusage.jp\/fr\/wp-json\/wp\/v2\/pages\/6\/revisions\/174"}],"wp:attachment":[{"href":"https:\/\/plusage.jp\/fr\/wp-json\/wp\/v2\/media?parent=6"}],"curies":[{"name":"wp","href":"https:\/\/api.w.org\/{rel}","templated":true}]}}