{"id":102,"date":"2022-01-26T16:24:46","date_gmt":"2022-01-26T07:24:46","guid":{"rendered":"https:\/\/plusage.jp\/fr\/?post_type=product&#038;p=102"},"modified":"2022-03-09T15:26:00","modified_gmt":"2022-03-09T06:26:00","slug":"%e7%99%bd%e5%b2%b3%e4%bb%99-%e7%b4%94%e7%b1%b3%e5%a4%a7%e5%90%9f%e9%86%b8-plusage-3","status":"publish","type":"product","link":"https:\/\/plusage.jp\/fr\/products\/pid102\/","title":{"rendered":"J\u014dzan<span> -PlusAge-<\/span>"},"content":{"rendered":"","protected":false},"featured_media":147,"parent":0,"template":"","class_list":["post-102","product","type-product","status-publish","has-post-thumbnail","hentry"],"acf":[],"yoast_head":"<!-- This site is optimized with the Yoast SEO plugin v18.1 - https:\/\/yoast.com\/wordpress\/plugins\/seo\/ -->\n<title>J\u014dzan -PlusAge- - Plus Age<\/title>\n<meta name=\"robots\" content=\"index, follow, max-snippet:-1, max-image-preview:large, max-video-preview:-1\" \/>\n<link rel=\"canonical\" href=\"https:\/\/plusage.jp\/fr\/products\/pid102\/\" \/>\n<meta property=\"og:locale\" content=\"ja_JP\" \/>\n<meta property=\"og:type\" content=\"article\" \/>\n<meta property=\"og:title\" content=\"J\u014dzan -PlusAge- - Plus Age\" \/>\n<meta property=\"og:url\" content=\"https:\/\/plusage.jp\/fr\/products\/pid102\/\" \/>\n<meta property=\"og:site_name\" content=\"Plus Age\" \/>\n<meta property=\"article:modified_time\" content=\"2022-03-09T06:26:00+00:00\" \/>\n<meta property=\"og:image\" content=\"https:\/\/plusage.jp\/fr\/wp-content\/uploads\/2022\/01\/product_img03-1.jpg\" \/>\n\t<meta property=\"og:image:width\" content=\"1800\" \/>\n\t<meta property=\"og:image:height\" content=\"1200\" \/>\n\t<meta property=\"og:image:type\" content=\"image\/jpeg\" \/>\n<meta name=\"twitter:card\" content=\"summary_large_image\" \/>\n<script type=\"application\/ld+json\" class=\"yoast-schema-graph\">{\"@context\":\"https:\/\/schema.org\",\"@graph\":[{\"@type\":\"WebSite\",\"@id\":\"https:\/\/plusage.jp\/fr\/#website\",\"url\":\"https:\/\/plusage.jp\/fr\/\",\"name\":\"Plus Age\",\"description\":\"Plus \u00c2ge utilise de l\u2019eau et du riz local pour cr\u00e9er un sak\u00e9 innovant, luxueusement \u00e9labor\u00e9 et vieilli en f\u00fbts de ch\u00eane japonais.\",\"potentialAction\":[{\"@type\":\"SearchAction\",\"target\":{\"@type\":\"EntryPoint\",\"urlTemplate\":\"https:\/\/plusage.jp\/fr\/?s={search_term_string}\"},\"query-input\":\"required name=search_term_string\"}],\"inLanguage\":\"ja\"},{\"@type\":\"ImageObject\",\"@id\":\"https:\/\/plusage.jp\/fr\/products\/pid102\/#primaryimage\",\"inLanguage\":\"ja\",\"url\":\"https:\/\/plusage.jp\/fr\/wp-content\/uploads\/2022\/01\/product_img03-1.jpg\",\"contentUrl\":\"https:\/\/plusage.jp\/fr\/wp-content\/uploads\/2022\/01\/product_img03-1.jpg\",\"width\":1800,\"height\":1200},{\"@type\":\"WebPage\",\"@id\":\"https:\/\/plusage.jp\/fr\/products\/pid102\/#webpage\",\"url\":\"https:\/\/plusage.jp\/fr\/products\/pid102\/\",\"name\":\"J\u014dzan -PlusAge- - Plus Age\",\"isPartOf\":{\"@id\":\"https:\/\/plusage.jp\/fr\/#website\"},\"primaryImageOfPage\":{\"@id\":\"https:\/\/plusage.jp\/fr\/products\/pid102\/#primaryimage\"},\"datePublished\":\"2022-01-26T07:24:46+00:00\",\"dateModified\":\"2022-03-09T06:26:00+00:00\",\"breadcrumb\":{\"@id\":\"https:\/\/plusage.jp\/fr\/products\/pid102\/#breadcrumb\"},\"inLanguage\":\"ja\",\"potentialAction\":[{\"@type\":\"ReadAction\",\"target\":[\"https:\/\/plusage.jp\/fr\/products\/pid102\/\"]}]},{\"@type\":\"BreadcrumbList\",\"@id\":\"https:\/\/plusage.jp\/fr\/products\/pid102\/#breadcrumb\",\"itemListElement\":[{\"@type\":\"ListItem\",\"position\":1,\"name\":\"\u30db\u30fc\u30e0\",\"item\":\"https:\/\/plusage.jp\/fr\/\"},{\"@type\":\"ListItem\",\"position\":2,\"name\":\"PRODUCTS\",\"item\":\"https:\/\/plusage.jp\/fr\/products\/\"},{\"@type\":\"ListItem\",\"position\":3,\"name\":\"J\u014dzan -PlusAge-\"}]}]}<\/script>\n<!-- \/ Yoast SEO plugin. -->","yoast_head_json":{"title":"J\u014dzan -PlusAge- - Plus Age","robots":{"index":"index","follow":"follow","max-snippet":"max-snippet:-1","max-image-preview":"max-image-preview:large","max-video-preview":"max-video-preview:-1"},"canonical":"https:\/\/plusage.jp\/fr\/products\/pid102\/","og_locale":"ja_JP","og_type":"article","og_title":"J\u014dzan -PlusAge- - Plus Age","og_url":"https:\/\/plusage.jp\/fr\/products\/pid102\/","og_site_name":"Plus Age","article_modified_time":"2022-03-09T06:26:00+00:00","og_image":[{"width":1800,"height":1200,"url":"https:\/\/plusage.jp\/fr\/wp-content\/uploads\/2022\/01\/product_img03-1.jpg","type":"image\/jpeg"}],"twitter_card":"summary_large_image","schema":{"@context":"https:\/\/schema.org","@graph":[{"@type":"WebSite","@id":"https:\/\/plusage.jp\/fr\/#website","url":"https:\/\/plusage.jp\/fr\/","name":"Plus Age","description":"Plus \u00c2ge utilise de l\u2019eau et du riz local pour cr\u00e9er un sak\u00e9 innovant, luxueusement \u00e9labor\u00e9 et vieilli en f\u00fbts de ch\u00eane japonais.","potentialAction":[{"@type":"SearchAction","target":{"@type":"EntryPoint","urlTemplate":"https:\/\/plusage.jp\/fr\/?s={search_term_string}"},"query-input":"required name=search_term_string"}],"inLanguage":"ja"},{"@type":"ImageObject","@id":"https:\/\/plusage.jp\/fr\/products\/pid102\/#primaryimage","inLanguage":"ja","url":"https:\/\/plusage.jp\/fr\/wp-content\/uploads\/2022\/01\/product_img03-1.jpg","contentUrl":"https:\/\/plusage.jp\/fr\/wp-content\/uploads\/2022\/01\/product_img03-1.jpg","width":1800,"height":1200},{"@type":"WebPage","@id":"https:\/\/plusage.jp\/fr\/products\/pid102\/#webpage","url":"https:\/\/plusage.jp\/fr\/products\/pid102\/","name":"J\u014dzan -PlusAge- - Plus Age","isPartOf":{"@id":"https:\/\/plusage.jp\/fr\/#website"},"primaryImageOfPage":{"@id":"https:\/\/plusage.jp\/fr\/products\/pid102\/#primaryimage"},"datePublished":"2022-01-26T07:24:46+00:00","dateModified":"2022-03-09T06:26:00+00:00","breadcrumb":{"@id":"https:\/\/plusage.jp\/fr\/products\/pid102\/#breadcrumb"},"inLanguage":"ja","potentialAction":[{"@type":"ReadAction","target":["https:\/\/plusage.jp\/fr\/products\/pid102\/"]}]},{"@type":"BreadcrumbList","@id":"https:\/\/plusage.jp\/fr\/products\/pid102\/#breadcrumb","itemListElement":[{"@type":"ListItem","position":1,"name":"\u30db\u30fc\u30e0","item":"https:\/\/plusage.jp\/fr\/"},{"@type":"ListItem","position":2,"name":"PRODUCTS","item":"https:\/\/plusage.jp\/fr\/products\/"},{"@type":"ListItem","position":3,"name":"J\u014dzan -PlusAge-"}]}]}},"_links":{"self":[{"href":"https:\/\/plusage.jp\/fr\/wp-json\/wp\/v2\/product\/102","targetHints":{"allow":["GET"]}}],"collection":[{"href":"https:\/\/plusage.jp\/fr\/wp-json\/wp\/v2\/product"}],"about":[{"href":"https:\/\/plusage.jp\/fr\/wp-json\/wp\/v2\/types\/product"}],"wp:featuredmedia":[{"embeddable":true,"href":"https:\/\/plusage.jp\/fr\/wp-json\/wp\/v2\/media\/147"}],"wp:attachment":[{"href":"https:\/\/plusage.jp\/fr\/wp-json\/wp\/v2\/media?parent=102"}],"curies":[{"name":"wp","href":"https:\/\/api.w.org\/{rel}","templated":true}]}}